{"id":126,"date":"2020-10-07T15:07:29","date_gmt":"2020-10-07T13:07:29","guid":{"rendered":"http:\/\/glambeaute-aucamville.com\/?page_id=126"},"modified":"2023-09-04T18:07:43","modified_gmt":"2023-09-04T16:07:43","slug":"epilations","status":"publish","type":"page","link":"https:\/\/glambeaute-aucamville.com\/index.php\/epilations\/","title":{"rendered":"EPILATIONS"},"content":{"rendered":"\t\t<div data-elementor-type=\"wp-page\" data-elementor-id=\"126\" class=\"elementor elementor-126\">\n\t\t\t\t\t\t<div class=\"elementor-inner\">\n\t\t\t\t<div class=\"elementor-section-wrap\">\n\t\t\t\t\t\t\t\t\t<section class=\"elementor-section elementor-top-section elementor-element elementor-element-cda152a elementor-section-boxed elementor-section-height-default elementor-section-height-default\" data-id=\"cda152a\" data-element_type=\"section\">\n\t\t\t\t\t\t<div class=\"elementor-container elementor-column-gap-default\">\n\t\t\t\t\t\t\t<div class=\"elementor-row\">\n\t\t\t\t\t<div class=\"elementor-column elementor-col-100 elementor-top-column elementor-element elementor-element-15ee68d\" data-id=\"15ee68d\" data-element_type=\"column\">\n\t\t\t<div class=\"elementor-column-wrap elementor-element-populated\">\n\t\t\t\t\t\t\t<div class=\"elementor-widget-wrap\">\n\t\t\t\t\t\t<div class=\"elementor-element elementor-element-1f78ad7 elementor-widget elementor-widget-heading\" data-id=\"1f78ad7\" data-element_type=\"widget\" data-widget_type=\"heading.default\">\n\t\t\t\t<div class=\"elementor-widget-container\">\n\t\t\t<h1 class=\"elementor-heading-title elementor-size-default\">POUR UNE PEAU TOUTE DOUCE ...<\/h1>\t\t<\/div>\n\t\t\t\t<\/div>\n\t\t\t\t\t\t<\/div>\n\t\t\t\t\t<\/div>\n\t\t<\/div>\n\t\t\t\t\t\t\t\t<\/div>\n\t\t\t\t\t<\/div>\n\t\t<\/section>\n\t\t\t\t<section class=\"elementor-section elementor-top-section elementor-element elementor-element-4ab42c6 elementor-section-boxed elementor-section-height-default elementor-section-height-default\" data-id=\"4ab42c6\" data-element_type=\"section\">\n\t\t\t\t\t\t<div class=\"elementor-container elementor-column-gap-default\">\n\t\t\t\t\t\t\t<div class=\"elementor-row\">\n\t\t\t\t\t<div class=\"elementor-column elementor-col-100 elementor-top-column elementor-element elementor-element-76d1d27\" data-id=\"76d1d27\" data-element_type=\"column\">\n\t\t\t<div class=\"elementor-column-wrap elementor-element-populated\">\n\t\t\t\t\t\t\t<div class=\"elementor-widget-wrap\">\n\t\t\t\t\t\t<div class=\"elementor-element elementor-element-7832e82 elementor-widget elementor-widget-spacer\" data-id=\"7832e82\" data-element_type=\"widget\" data-widget_type=\"spacer.default\">\n\t\t\t\t<div class=\"elementor-widget-container\">\n\t\t\t\t\t<div class=\"elementor-spacer\">\n\t\t\t<div class=\"elementor-spacer-inner\"><\/div>\n\t\t<\/div>\n\t\t\t\t<\/div>\n\t\t\t\t<\/div>\n\t\t\t\t\t\t<\/div>\n\t\t\t\t\t<\/div>\n\t\t<\/div>\n\t\t\t\t\t\t\t\t<\/div>\n\t\t\t\t\t<\/div>\n\t\t<\/section>\n\t\t\t\t<section class=\"elementor-section elementor-top-section elementor-element elementor-element-8cd7db6 elementor-section-boxed elementor-section-height-default elementor-section-height-default\" data-id=\"8cd7db6\" data-element_type=\"section\">\n\t\t\t\t\t\t<div class=\"elementor-container elementor-column-gap-default\">\n\t\t\t\t\t\t\t<div class=\"elementor-row\">\n\t\t\t\t\t<div class=\"elementor-column elementor-col-100 elementor-top-column elementor-element elementor-element-f92152c\" data-id=\"f92152c\" data-element_type=\"column\">\n\t\t\t<div class=\"elementor-column-wrap elementor-element-populated\">\n\t\t\t\t\t\t\t<div class=\"elementor-widget-wrap\">\n\t\t\t\t\t\t<div class=\"elementor-element elementor-element-a975d00 elementor-widget elementor-widget-text-editor\" data-id=\"a975d00\" data-element_type=\"widget\" data-widget_type=\"text-editor.default\">\n\t\t\t\t<div class=\"elementor-widget-container\">\n\t\t\t\t\t\t\t\t<div class=\"elementor-text-editor elementor-clearfix\">\n\t\t\t\t<p>JAMBES ENTI\u00c8RES<\/p><p>3\/4 JAMBES<\/p><p>1\/2 JAMBES OU CUISSES<\/p><p>MAILLOT<\/p><p>MAILLOT BR\u00c9SILIEN<\/p><p>MAILLOT INT\u00c9GRAL<\/p><p>AISSELLES<\/p><p>BRAS<\/p><p>SOURCILS<\/p><p>L\u00c8VRES<\/p><p>MENTON<\/p><p>29\u20ac<\/p><p>22\u20ac<\/p><p>19\u20ac<\/p><p>15\u20ac<\/p><p>20\u20ac<\/p><p>26\u20ac<\/p><p>11\u20ac<\/p><p>17\u20ac<\/p><p>11\u20ac<\/p><p>8\u20ac<\/p><p>9\u20ac<\/p>\t\t\t\t\t<\/div>\n\t\t\t\t\t\t<\/div>\n\t\t\t\t<\/div>\n\t\t\t\t\t\t<\/div>\n\t\t\t\t\t<\/div>\n\t\t<\/div>\n\t\t\t\t\t\t\t\t<\/div>\n\t\t\t\t\t<\/div>\n\t\t<\/section>\n\t\t\t\t\t\t\t\t\t<\/div>\n\t\t\t<\/div>\n\t\t\t\t\t<\/div>\n\t\t","protected":false},"excerpt":{"rendered":"<p>POUR UNE PEAU TOUTE DOUCE &#8230; JAMBES ENTI\u00c8RES 3\/4 JAMBES 1\/2 JAMBES OU CUISSES MAILLOT MAILLOT BR\u00c9SILIEN MAILLOT INT\u00c9GRAL AISSELLES BRAS SOURCILS L\u00c8VRES MENTON 29\u20ac 22\u20ac 19\u20ac 15\u20ac 20\u20ac 26\u20ac 11\u20ac 17\u20ac 11\u20ac 8\u20ac 9\u20ac<\/p>\n","protected":false},"author":1,"featured_media":0,"parent":0,"menu_order":0,"comment_status":"closed","ping_status":"closed","template":"","meta":{"spay_email":""},"_links":{"self":[{"href":"https:\/\/glambeaute-aucamville.com\/index.php\/wp-json\/wp\/v2\/pages\/126"}],"collection":[{"href":"https:\/\/glambeaute-aucamville.com\/index.php\/wp-json\/wp\/v2\/pages"}],"about":[{"href":"https:\/\/glambeaute-aucamville.com\/index.php\/wp-json\/wp\/v2\/types\/page"}],"author":[{"embeddable":true,"href":"https:\/\/glambeaute-aucamville.com\/index.php\/wp-json\/wp\/v2\/users\/1"}],"replies":[{"embeddable":true,"href":"https:\/\/glambeaute-aucamville.com\/index.php\/wp-json\/wp\/v2\/comments?post=126"}],"version-history":[{"count":32,"href":"https:\/\/glambeaute-aucamville.com\/index.php\/wp-json\/wp\/v2\/pages\/126\/revisions"}],"predecessor-version":[{"id":673,"href":"https:\/\/glambeaute-aucamville.com\/index.php\/wp-json\/wp\/v2\/pages\/126\/revisions\/673"}],"wp:attachment":[{"href":"https:\/\/glambeaute-aucamville.com\/index.php\/wp-json\/wp\/v2\/media?parent=126"}],"curies":[{"name":"wp","href":"https:\/\/api.w.org\/{rel}","templated":true}]}}